{"id":50140,"date":"2026-01-31T13:30:40","date_gmt":"2026-01-31T12:30:40","guid":{"rendered":"https:\/\/www.ptfe-nuenchritz.de\/imprint\/"},"modified":"2026-04-23T22:36:32","modified_gmt":"2026-04-23T20:36:32","slug":"imprint","status":"publish","type":"page","link":"https:\/\/www.ptfe-nuenchritz.de\/en\/imprint\/","title":{"rendered":"Imprint"},"content":{"rendered":"\n<div class=\"gb-element-87461c86\">\n<div class=\"gb-element-b62e6859\">\n<h1 class=\"gb-text gb-text-f188f1c8\">Imprint<\/h1>\n<\/div>\n<\/div>\n\n<div class=\"gb-element-40ff9f36\">\n<div class=\"gb-element-5375522a\"><div class=\"yoast-breadcrumbs\"><span><span><a href=\"https:\/\/www.ptfe-nuenchritz.de\/en\/home\/\">Startseite<\/a><\/span> \u00bb <span class=\"breadcrumb_last\" aria-current=\"page\">Imprint<\/span><\/span><\/div><\/div>\n<\/div>\n\n<div class=\"gb-element-8f40fa25\">\n<img loading=\"lazy\" decoding=\"async\" width=\"187\" height=\"178\" class=\"gb-media-6d19bc5e\" alt=\"\" src=\"https:\/\/www.ptfe-nuenchritz.de\/wp-content\/uploads\/2026\/01\/become-flexible0-1.svg\">\n<\/div>\n\n<div class=\"gb-element-49f54ba9\">\n<div class=\"gb-element-907d7fa5\">\n<h3 class=\"gb-text gb-text-ae056f98\"><em>Information of PTFE N\u00fcnchritz GmbH<\/em> &amp; CO. KG<\/h3>\n\n\n\n<h2 class=\"gb-text gb-text-09b53953\">Responsible according to \u00a75 DDG &amp; \u00a718 MStV<\/h2>\n\n\n\n<p><strong>PTFE N\u00fcnchritz GmbH &amp; Co. KG<\/strong><br\/>Industriestra\u00dfe C 9<br\/>D \u2013 01612 Glaubitz<\/p>\n\n\n\n<p>T: +49 35265 5040<br\/>E: <a href=\"mailto:service@ptfe-nuenchritz.de\">service@ptfe-nuenchritz.de<\/a><br\/><a href=\"https:\/\/www.ptfe-nuenchritz.de\/en\/\">www.ptfe-nuenchritz.de<\/a><\/p>\n\n\n\n<p>Register court: Amtsgericht Dresden<br\/>Registration number: HRA 478<\/p>\n\n\n\n<p>General partner:<br\/>PTFE N\u00fcnchritz Gesch\u00e4ftsf\u00fchrungs GmbH<br\/>Industriestra\u00dfe C9<br\/>01612 Glaubitz<\/p>\n\n\n\n<p>Register court: Amtsgericht Dresden<br\/>Registration number: HRB 2462<\/p>\n\n\n\n<p>Authorized managing directors:<br\/>Thomas Vogt<br\/>Dirk H\u00f6fert<\/p>\n\n\n\n<p>VAT identification number: DE 140700943<\/p>\n\n\n\n<h3 class=\"gb-text\"><strong>Concept &amp; Design<\/strong><\/h3>\n\n\n\n<p><a href=\"http:\/\/node2.de\">NODE2 Studio f\u00fcr Webentwicklung | Webdesign aus Hirschstein<\/a><\/p>\n<\/div>\n<\/div>\n","protected":false},"excerpt":{"rendered":"<p>Imprint Information of PTFE N\u00fcnchritz GmbH &amp; CO. KG Responsible according to \u00a75 DDG &amp; \u00a718 MStV PTFE N\u00fcnchritz GmbH &amp; Co. KGIndustriestra\u00dfe C 9D \u2013 01612 Glaubitz T: +49 35265 5040E: service@ptfe-nuenchritz.dewww.ptfe-nuenchritz.de Register court: Amtsgericht DresdenRegistration number: HRA 478 General partner:PTFE N\u00fcnchritz Gesch\u00e4ftsf\u00fchrungs GmbHIndustriestra\u00dfe C901612 Glaubitz Register court: Amtsgericht DresdenRegistration number: HRB 2462 Authorized &#8230; <a title=\"Imprint\" class=\"read-more\" href=\"https:\/\/www.ptfe-nuenchritz.de\/en\/imprint\/\" aria-label=\"Read more about Imprint\">Read more<\/a><\/p>\n","protected":false},"author":1,"featured_media":0,"parent":0,"menu_order":0,"comment_status":"closed","ping_status":"closed","template":"","meta":{"_acf_changed":false,"footnotes":""},"class_list":["post-50140","page","type-page","status-publish"],"acf":[],"yoast_head":"<!-- This site is optimized with the Yoast SEO plugin v27.4 - https:\/\/yoast.com\/product\/yoast-seo-wordpress\/ -->\n<title>Imprint - PTFE N\u00fcnchritz GmbH &amp; Co. KG<\/title>\n<meta name=\"robots\" content=\"index, follow, max-snippet:-1, max-image-preview:large, max-video-preview:-1\" \/>\n<link rel=\"canonical\" href=\"https:\/\/www.ptfe-nuenchritz.de\/en\/imprint\/\" \/>\n<meta property=\"og:locale\" content=\"en_US\" \/>\n<meta property=\"og:type\" content=\"article\" \/>\n<meta property=\"og:title\" content=\"Imprint - PTFE N\u00fcnchritz GmbH &amp; Co. KG\" \/>\n<meta property=\"og:description\" content=\"Imprint Information of PTFE N\u00fcnchritz GmbH &amp; CO. KG Responsible according to \u00a75 DDG &amp; \u00a718 MStV PTFE N\u00fcnchritz GmbH &amp; Co. KGIndustriestra\u00dfe C 9D \u2013 01612 Glaubitz T: +49 35265 5040E: service@ptfe-nuenchritz.dewww.ptfe-nuenchritz.de Register court: Amtsgericht DresdenRegistration number: HRA 478 General partner:PTFE N\u00fcnchritz Gesch\u00e4ftsf\u00fchrungs GmbHIndustriestra\u00dfe C901612 Glaubitz Register court: Amtsgericht DresdenRegistration number: HRB 2462 Authorized ... Read more\" \/>\n<meta property=\"og:url\" content=\"https:\/\/www.ptfe-nuenchritz.de\/en\/imprint\/\" \/>\n<meta property=\"og:site_name\" content=\"PTFE N\u00fcnchritz GmbH &amp; Co. KG\" \/>\n<meta property=\"article:modified_time\" content=\"2026-04-23T20:36:32+00:00\" \/>\n<meta property=\"og:image\" content=\"https:\/\/www.ptfe-nuenchritz.de\/wp-content\/uploads\/2026\/01\/become-flexible0-1.svg\" \/>\n<meta name=\"twitter:card\" content=\"summary_large_image\" \/>\n<script type=\"application\/ld+json\" class=\"yoast-schema-graph\">{\"@context\":\"https:\\\/\\\/schema.org\",\"@graph\":[{\"@type\":\"WebPage\",\"@id\":\"https:\\\/\\\/www.ptfe-nuenchritz.de\\\/en\\\/imprint\\\/\",\"url\":\"https:\\\/\\\/www.ptfe-nuenchritz.de\\\/en\\\/imprint\\\/\",\"name\":\"Imprint - PTFE N\u00fcnchritz GmbH &amp; Co. KG\",\"isPartOf\":{\"@id\":\"https:\\\/\\\/www.ptfe-nuenchritz.de\\\/en\\\/#website\"},\"primaryImageOfPage\":{\"@id\":\"https:\\\/\\\/www.ptfe-nuenchritz.de\\\/en\\\/imprint\\\/#primaryimage\"},\"image\":{\"@id\":\"https:\\\/\\\/www.ptfe-nuenchritz.de\\\/en\\\/imprint\\\/#primaryimage\"},\"thumbnailUrl\":\"https:\\\/\\\/www.ptfe-nuenchritz.de\\\/wp-content\\\/uploads\\\/2026\\\/01\\\/become-flexible0-1.svg\",\"datePublished\":\"2026-01-31T12:30:40+00:00\",\"dateModified\":\"2026-04-23T20:36:32+00:00\",\"breadcrumb\":{\"@id\":\"https:\\\/\\\/www.ptfe-nuenchritz.de\\\/en\\\/imprint\\\/#breadcrumb\"},\"inLanguage\":\"en-US\",\"potentialAction\":[{\"@type\":\"ReadAction\",\"target\":[\"https:\\\/\\\/www.ptfe-nuenchritz.de\\\/en\\\/imprint\\\/\"]}]},{\"@type\":\"ImageObject\",\"inLanguage\":\"en-US\",\"@id\":\"https:\\\/\\\/www.ptfe-nuenchritz.de\\\/en\\\/imprint\\\/#primaryimage\",\"url\":\"https:\\\/\\\/www.ptfe-nuenchritz.de\\\/wp-content\\\/uploads\\\/2026\\\/01\\\/become-flexible0-1.svg\",\"contentUrl\":\"https:\\\/\\\/www.ptfe-nuenchritz.de\\\/wp-content\\\/uploads\\\/2026\\\/01\\\/become-flexible0-1.svg\"},{\"@type\":\"BreadcrumbList\",\"@id\":\"https:\\\/\\\/www.ptfe-nuenchritz.de\\\/en\\\/imprint\\\/#breadcrumb\",\"itemListElement\":[{\"@type\":\"ListItem\",\"position\":1,\"name\":\"Startseite\",\"item\":\"https:\\\/\\\/www.ptfe-nuenchritz.de\\\/en\\\/home\\\/\"},{\"@type\":\"ListItem\",\"position\":2,\"name\":\"Imprint\"}]},{\"@type\":\"WebSite\",\"@id\":\"https:\\\/\\\/www.ptfe-nuenchritz.de\\\/en\\\/#website\",\"url\":\"https:\\\/\\\/www.ptfe-nuenchritz.de\\\/en\\\/\",\"name\":\"PTFE N\u00fcnchritz GmbH &amp; Co. KG\",\"description\":\"Kunststoffteile nach Ihren Anforderungen\",\"publisher\":{\"@id\":\"https:\\\/\\\/www.ptfe-nuenchritz.de\\\/en\\\/#organization\"},\"potentialAction\":[{\"@type\":\"SearchAction\",\"target\":{\"@type\":\"EntryPoint\",\"urlTemplate\":\"https:\\\/\\\/www.ptfe-nuenchritz.de\\\/en\\\/?s={search_term_string}\"},\"query-input\":{\"@type\":\"PropertyValueSpecification\",\"valueRequired\":true,\"valueName\":\"search_term_string\"}}],\"inLanguage\":\"en-US\"},{\"@type\":\"Organization\",\"@id\":\"https:\\\/\\\/www.ptfe-nuenchritz.de\\\/en\\\/#organization\",\"name\":\"PTFE N\u00fcnchritz GmbH &amp; Co. KG\",\"url\":\"https:\\\/\\\/www.ptfe-nuenchritz.de\\\/en\\\/\",\"logo\":{\"@type\":\"ImageObject\",\"inLanguage\":\"en-US\",\"@id\":\"https:\\\/\\\/www.ptfe-nuenchritz.de\\\/en\\\/#\\\/schema\\\/logo\\\/image\\\/\",\"url\":\"https:\\\/\\\/www.ptfe-nuenchritz.de\\\/wp-content\\\/uploads\\\/2024\\\/12\\\/PTFE-Logo-Blau.svg\",\"contentUrl\":\"https:\\\/\\\/www.ptfe-nuenchritz.de\\\/wp-content\\\/uploads\\\/2024\\\/12\\\/PTFE-Logo-Blau.svg\",\"width\":496,\"height\":100,\"caption\":\"PTFE N\u00fcnchritz GmbH &amp; Co. KG\"},\"image\":{\"@id\":\"https:\\\/\\\/www.ptfe-nuenchritz.de\\\/en\\\/#\\\/schema\\\/logo\\\/image\\\/\"}}]}<\/script>\n<!-- \/ Yoast SEO plugin. -->","yoast_head_json":{"title":"Imprint - PTFE N\u00fcnchritz GmbH &amp; Co. KG","robots":{"index":"index","follow":"follow","max-snippet":"max-snippet:-1","max-image-preview":"max-image-preview:large","max-video-preview":"max-video-preview:-1"},"canonical":"https:\/\/www.ptfe-nuenchritz.de\/en\/imprint\/","og_locale":"en_US","og_type":"article","og_title":"Imprint - PTFE N\u00fcnchritz GmbH &amp; Co. KG","og_description":"Imprint Information of PTFE N\u00fcnchritz GmbH &amp; CO. KG Responsible according to \u00a75 DDG &amp; \u00a718 MStV PTFE N\u00fcnchritz GmbH &amp; Co. KGIndustriestra\u00dfe C 9D \u2013 01612 Glaubitz T: +49 35265 5040E: service@ptfe-nuenchritz.dewww.ptfe-nuenchritz.de Register court: Amtsgericht DresdenRegistration number: HRA 478 General partner:PTFE N\u00fcnchritz Gesch\u00e4ftsf\u00fchrungs GmbHIndustriestra\u00dfe C901612 Glaubitz Register court: Amtsgericht DresdenRegistration number: HRB 2462 Authorized ... Read more","og_url":"https:\/\/www.ptfe-nuenchritz.de\/en\/imprint\/","og_site_name":"PTFE N\u00fcnchritz GmbH &amp; Co. KG","article_modified_time":"2026-04-23T20:36:32+00:00","og_image":[{"url":"https:\/\/www.ptfe-nuenchritz.de\/wp-content\/uploads\/2026\/01\/become-flexible0-1.svg","type":"","width":"","height":""}],"twitter_card":"summary_large_image","schema":{"@context":"https:\/\/schema.org","@graph":[{"@type":"WebPage","@id":"https:\/\/www.ptfe-nuenchritz.de\/en\/imprint\/","url":"https:\/\/www.ptfe-nuenchritz.de\/en\/imprint\/","name":"Imprint - PTFE N\u00fcnchritz GmbH &amp; Co. KG","isPartOf":{"@id":"https:\/\/www.ptfe-nuenchritz.de\/en\/#website"},"primaryImageOfPage":{"@id":"https:\/\/www.ptfe-nuenchritz.de\/en\/imprint\/#primaryimage"},"image":{"@id":"https:\/\/www.ptfe-nuenchritz.de\/en\/imprint\/#primaryimage"},"thumbnailUrl":"https:\/\/www.ptfe-nuenchritz.de\/wp-content\/uploads\/2026\/01\/become-flexible0-1.svg","datePublished":"2026-01-31T12:30:40+00:00","dateModified":"2026-04-23T20:36:32+00:00","breadcrumb":{"@id":"https:\/\/www.ptfe-nuenchritz.de\/en\/imprint\/#breadcrumb"},"inLanguage":"en-US","potentialAction":[{"@type":"ReadAction","target":["https:\/\/www.ptfe-nuenchritz.de\/en\/imprint\/"]}]},{"@type":"ImageObject","inLanguage":"en-US","@id":"https:\/\/www.ptfe-nuenchritz.de\/en\/imprint\/#primaryimage","url":"https:\/\/www.ptfe-nuenchritz.de\/wp-content\/uploads\/2026\/01\/become-flexible0-1.svg","contentUrl":"https:\/\/www.ptfe-nuenchritz.de\/wp-content\/uploads\/2026\/01\/become-flexible0-1.svg"},{"@type":"BreadcrumbList","@id":"https:\/\/www.ptfe-nuenchritz.de\/en\/imprint\/#breadcrumb","itemListElement":[{"@type":"ListItem","position":1,"name":"Startseite","item":"https:\/\/www.ptfe-nuenchritz.de\/en\/home\/"},{"@type":"ListItem","position":2,"name":"Imprint"}]},{"@type":"WebSite","@id":"https:\/\/www.ptfe-nuenchritz.de\/en\/#website","url":"https:\/\/www.ptfe-nuenchritz.de\/en\/","name":"PTFE N\u00fcnchritz GmbH &amp; Co. KG","description":"Kunststoffteile nach Ihren Anforderungen","publisher":{"@id":"https:\/\/www.ptfe-nuenchritz.de\/en\/#organization"},"potentialAction":[{"@type":"SearchAction","target":{"@type":"EntryPoint","urlTemplate":"https:\/\/www.ptfe-nuenchritz.de\/en\/?s={search_term_string}"},"query-input":{"@type":"PropertyValueSpecification","valueRequired":true,"valueName":"search_term_string"}}],"inLanguage":"en-US"},{"@type":"Organization","@id":"https:\/\/www.ptfe-nuenchritz.de\/en\/#organization","name":"PTFE N\u00fcnchritz GmbH &amp; Co. KG","url":"https:\/\/www.ptfe-nuenchritz.de\/en\/","logo":{"@type":"ImageObject","inLanguage":"en-US","@id":"https:\/\/www.ptfe-nuenchritz.de\/en\/#\/schema\/logo\/image\/","url":"https:\/\/www.ptfe-nuenchritz.de\/wp-content\/uploads\/2024\/12\/PTFE-Logo-Blau.svg","contentUrl":"https:\/\/www.ptfe-nuenchritz.de\/wp-content\/uploads\/2024\/12\/PTFE-Logo-Blau.svg","width":496,"height":100,"caption":"PTFE N\u00fcnchritz GmbH &amp; Co. KG"},"image":{"@id":"https:\/\/www.ptfe-nuenchritz.de\/en\/#\/schema\/logo\/image\/"}}]}},"_links":{"self":[{"href":"https:\/\/www.ptfe-nuenchritz.de\/en\/wp-json\/wp\/v2\/pages\/50140","targetHints":{"allow":["GET"]}}],"collection":[{"href":"https:\/\/www.ptfe-nuenchritz.de\/en\/wp-json\/wp\/v2\/pages"}],"about":[{"href":"https:\/\/www.ptfe-nuenchritz.de\/en\/wp-json\/wp\/v2\/types\/page"}],"author":[{"embeddable":true,"href":"https:\/\/www.ptfe-nuenchritz.de\/en\/wp-json\/wp\/v2\/users\/1"}],"replies":[{"embeddable":true,"href":"https:\/\/www.ptfe-nuenchritz.de\/en\/wp-json\/wp\/v2\/comments?post=50140"}],"version-history":[{"count":2,"href":"https:\/\/www.ptfe-nuenchritz.de\/en\/wp-json\/wp\/v2\/pages\/50140\/revisions"}],"predecessor-version":[{"id":50144,"href":"https:\/\/www.ptfe-nuenchritz.de\/en\/wp-json\/wp\/v2\/pages\/50140\/revisions\/50144"}],"wp:attachment":[{"href":"https:\/\/www.ptfe-nuenchritz.de\/en\/wp-json\/wp\/v2\/media?parent=50140"}],"curies":[{"name":"wp","href":"https:\/\/api.w.org\/{rel}","templated":true}]}}